{"id":46,"date":"2022-12-24T11:55:38","date_gmt":"2022-12-24T11:55:38","guid":{"rendered":"http:\/\/www.istastgroup.com\/?page_id=46"},"modified":"2022-12-29T02:28:01","modified_gmt":"2022-12-29T02:28:01","slug":"projelerimiz","status":"publish","type":"page","link":"https:\/\/www.istastgroup.com\/?page_id=46","title":{"rendered":"Projelerimiz"},"content":{"rendered":"\n\n\n\n\n<span style=\"color:#ffffff;\">Yurt i\u00e7i projelerimiz: \u0130stanbul, Ankara, Antalya, \u0130zmit ve Mersin. Yurt d\u0131\u015f\u0131 projelerimiz: A\u015fgabat, Astana, \u00c7imkent, Almat\u0131, Ba\u011fdat, Erbil, Grozni, Moskova, Yekaterinburg, Dakar, Kampala, New York, Sierra Leone.<\/span>\n\n\n<span style=\"color:#ffffff;\">45.000\u2019den fazla \u00fcr\u00fcn yelpazesi ile ihracatta tercih edilen g\u00fcvenilir tedarik\u00e7i firmay\u0131z. Ba\u015fta T\u00fcrkmenistan, Kazakistan, \u00d6zbekistan, Azerbaycan, Irak, olmak \u00fczere Macaristan, G\u00fcney Afrika, Senegal, Nijerya, BEA, Katar, Yemen gibi \u00fclkelere tedarik boyutunda ihracat\u0131m\u0131z bulunmaktad\u0131r.<\/span>\n\n\n<span style=\"color:#ffffff;\">\nT\u00fcm ticari alanlara uygulad\u0131\u011f\u0131m\u0131z \u00f6zel projelerimizi yakla\u015f\u0131k 20 farkl\u0131 \u00fclkede ger\u00e7ekle\u015ftirdik. Avrupa, Afrika ve CIS \u00dclkelerine ba\u015fl\u0131ca: Yatak Odas\u0131, Gen\u00e7 Odas\u0131, Bebek Odas\u0131, Banyo, Mutfak, Oturma Gruplar\u0131, Ofis Mobilyalar\u0131 ihra\u00e7 etmekteyiz.&nbsp;<\/span>\n\n\n\n\n<font color=\"#ffffff\">De\u011ferli arsalar\u0131n sat\u0131\u015f\u0131n\u0131 ger\u00e7ekle\u015ftiriyor, projelendiriyor ve in\u015faat\u0131n\u0131 \u00fcstleniyoruz.\n<\/font><br>\n\n\n<span style=\"color:#ffffff;\">Rusya Federasyonu\u2019ndan Al\u00fcminyum k\u00fcl\u00e7e ve biet, Bak\u0131r kablo ve plaka, \u00c7inko k\u00fcl\u00e7e ve \u00e7ubuk ithal etmekteyiz.&nbsp;<\/span>\n\n\n<span style=\"color:#ffffff;\">Afrika, Balkanlar ve Kazakistan\u2019dan de\u011ferli maden ithalat\u0131 yapmaktay\u0131z: Demir, G\u00fcm\u00fc\u015f, Alt\u0131n<\/span>\n\n\n<span style=\"color:#ffffff;\">Rusya Federasyonu ve Kazakistan\u2019dan metal ve al\u00fcminyum hurdalar\u0131 ithal etmekteyiz.\n<\/span>\n\n\n\n\n<span style=\"color:#ffffff;\">\n\nT\u00fcrkiye\u2019de sipari\u015f \u00fczerine b\u00fcy\u00fck \u00f6l\u00e7\u00fclerde \u00fcretim ve ihracat yap\u0131yoruz. \u0130hra\u00e7 etti\u011fimiz ba\u015fl\u0131ca \u00fclkeler: Fransa, Danimarka, \u0130sve\u00e7, Hollanda, Rusya, Irak, Afrika.&nbsp;<\/span>\n\n\n<span style=\"color:#ffffff;\">\nRusya Federasyonu, Kazakistan ve Azerbaycan\u2019dan ham petrol, benzin ve gaz; Kazakistan\u2019dan sanayi k\u00f6m\u00fcr\u00fc ithal ediyoruz.\n<\/span>\n\n\n<span style=\"color:#ffffff;\">\n\nA\u011f\u0131r vas\u0131ta ve otomobil yedek par\u00e7alar\u0131 \u00fcr\u00fcnlerini T\u00fcrkiye\u2019de \u00fcretiyor ve ba\u015fl\u0131ca; Rusya, Balkanlar, Senegal, K\u00f6rfez \u00fclkeleri olmak \u00fczere 25\u2019ten fazla \u00fclkeye ihracat\u0131n\u0131 yap\u0131yoruz<\/span>\n\n\n\n\n<span style=\"color:#ffffff;\">\n\nKaradeniz\u2019de 8 kuru y\u00fck gemili bir filo, Avrupa\u2019da ve Orta Asya\u2019da 17 tenteli t\u0131rl\u0131 bir filo ile hizmet vermekteyiz. Hazar G\u00f6l\u00fc\u2019ne ta\u015f\u0131malar\u0131m\u0131z\u0131 Rus Bayrakl\u0131 filo sahibi armat\u00f6r firma i\u015ftiraklerimiz ile ba\u015far\u0131l\u0131 bir \u015fekilde ger\u00e7ekle\u015ftiriyoruz.\nHazar Denizi, K\u00f6rfez, Karadeniz, Ege, Akdeniz, Avrupa k\u0131y\u0131lar\u0131 ve Afrika k\u0131y\u0131lar\u0131 olmak \u00fczere navlun, y\u00fckleme ve liman operasyonu, acente, g\u00fcmr\u00fckleme, a\u00e7\u0131k ve kapal\u0131 depolama hizmetleri vermekteyiz.<\/span>\n\n\n\n\n<span style=\"color:#ffffff;\">\n\u0130la\u00e7 \u00fcretimi ve tedari\u011fi, t\u0131bbi malzeme \u00fcretimi ve tedari\u011fi yap\u0131yor ihra\u00e7 ediyoruz. Ba\u015fl\u0131ca \u00fclkeler: Kazakistan, Rusya, Ukrayna, Bulgaristan, Yunanistan, K\u0131br\u0131s\n<\/span>\n\n\n<span style=\"color:#ffffff;\">T\u00fcrkiye men\u015feili, Bili\u015fim ve Yaz\u0131l\u0131m, G\u00fcvenlik Sistemleri, Otomasyon ve Savunma Sanayiinde \u00e7\u00f6z\u00fcm orta\u011f\u0131n\u0131z ve tedarik\u00e7iniziz. \u00c7al\u0131\u015ft\u0131\u011f\u0131m\u0131z \u00fclkeler: Rusya, Kazakistan, Katar, Libya, Gine, Ruanda, G\u00fcney Afrika.&nbsp;<\/span>\n\n\n<span style=\"color:#ffffff;\">Tar\u0131msal \u00fcr\u00fcnler, k\u0131rm\u0131z\u0131 ve beyaz et, bal\u0131k \u00fcr\u00fcnleri tedari\u011fi. \u0130hra\u00e7 etti\u011fimiz \u00fclkeler; Rusya, \u0130talya, Katar, Dubai. Sera malzemeleri ihracat\u0131m\u0131z; T\u00fcrkmenistan, \u00d6zbekistan, Yemen ve Umman.&nbsp;<\/span>\n\n\n\n\n<span style=\"color:#ffffff;\">\nElektrik\nElektrik kablolar\u0131, \u00fcr\u00fcnleri, panolar ve jenerat\u00f6rler ba\u015fta olmak \u00fczere ihracat\u0131n\u0131 ger\u00e7ekle\u015ftiriyoruz: CIS \u00fclkeleri ve Arap \u00fclkeleri.<\/span>\n\n\n<span style=\"color:#ffffff;\">\nTemizlik \u00fcr\u00fcnleri, kimyasal maddeler, tekstil kimyasallar\u0131 \u00fcr\u00fcnlerini K\u00f6rfez \u00fclkelerine ihra\u00e7 ediyor, Avrupa\u2019daki yeni pazarda yerimizi alm\u0131\u015f bulunuyoruz.<\/span>\n\n\n<span style=\"color:#ffffff;\">\nTermoform makineleri \u00fcretimi ve Kuzey Afrika \u00fclkeleri ile \u0130ran ve CIS \u00dclkelerine ihracat\u0131, CNC makine \u00fcretiyor, makine yedek par\u00e7alar\u0131 tedarik ediyoruz.<\/span>\n\n\n<font color=\"#ffffff\">Lux ve Spor grup ara\u00e7lar\u0131n T\u00fcrkiye pazar\u0131nda 4 farkl\u0131 noktada bulunan oto galerimizde al\u0131m-sat\u0131m\u0131n\u0131 yap\u0131yoruz. S\u0131ral\u0131 oto gaz sistemlerini \u0130ran\u2019a ihra\u00e7 ediyoruz<\/font><br>\n\n\n\n\n<span style=\"color:#ffffff;\">\nTurizm\nSa\u011fl\u0131k turizmi sekt\u00f6r\u00fcnde \u00f6nc\u00fc ve g\u00fcvenilir olan \u00fclkemiz yo\u011fun ra\u011fbet g\u00f6rmektedir. Arap \u00fclkeleri ve Afrika \u00fclkeleri ile \u00e7al\u0131\u015f\u0131yoruz. Yaz turizminde Antalya ba\u015fta olmak \u00fczere Ege k\u0131y\u0131lar\u0131n\u0131n kap\u0131lar\u0131n\u0131 yurt d\u0131\u015f\u0131 misafirlerimize a\u00e7\u0131yoruz.<\/span>\n\n\n<font color=\"#ffffff\">Bebek ve \u00c7ocuk oyuncak gruplar\u0131nda T\u00fcrkiye\u2019de \u00fcretti\u011fimiz \u00fcr\u00fcnlerimizi 25\u2019ten fazla \u00fclkeye ihra\u00e7 ediyoruz.\n<\/font><br>\n\n\n<span style=\"color:#ffffff;\">\n\nAyd\u0131nlatma direkleri projelerini T\u00fcrkiye, Ukrayna ve T\u00fcrkmenistan\u2019da tamamlad\u0131k. Avize ve Ayd\u0131nlatma \u00fcr\u00fcnlerinin \u00fcretimini \u00fcstelenerek ihracat\u0131n\u0131 yap\u0131yoruz: Rusya, Kazakistan, T\u00fcrkmenistan, \u00d6zbekistan, Irak, Dubai, Katar, \u00dcrd\u00fcn.<\/span>\n\n\n\n\n","protected":false},"excerpt":{"rendered":"","protected":false},"author":1,"featured_media":0,"parent":0,"menu_order":0,"comment_status":"closed","ping_status":"closed","template":"","meta":[],"_links":{"self":[{"href":"https:\/\/www.istastgroup.com\/index.php?rest_route=\/wp\/v2\/pages\/46"}],"collection":[{"href":"https:\/\/www.istastgroup.com\/index.php?rest_route=\/wp\/v2\/pages"}],"about":[{"href":"https:\/\/www.istastgroup.com\/index.php?rest_route=\/wp\/v2\/types\/page"}],"author":[{"embeddable":true,"href":"https:\/\/www.istastgroup.com\/index.php?rest_route=\/wp\/v2\/users\/1"}],"replies":[{"embeddable":true,"href":"https:\/\/www.istastgroup.com\/index.php?rest_route=%2Fwp%2Fv2%2Fcomments&post=46"}],"version-history":[{"count":14,"href":"https:\/\/www.istastgroup.com\/index.php?rest_route=\/wp\/v2\/pages\/46\/revisions"}],"predecessor-version":[{"id":192,"href":"https:\/\/www.istastgroup.com\/index.php?rest_route=\/wp\/v2\/pages\/46\/revisions\/192"}],"wp:attachment":[{"href":"https:\/\/www.istastgroup.com\/index.php?rest_route=%2Fwp%2Fv2%2Fmedia&parent=46"}],"curies":[{"name":"wp","href":"https:\/\/api.w.org\/{rel}","templated":true}]}}