{"id":32,"date":"2022-12-24T11:52:30","date_gmt":"2022-12-24T11:52:30","guid":{"rendered":"http:\/\/www.istastgroup.com\/?page_id=32"},"modified":"2022-12-30T14:30:09","modified_gmt":"2022-12-30T14:30:09","slug":"anasayfa","status":"publish","type":"page","link":"https:\/\/www.istastgroup.com\/","title":{"rendered":"Anasayfa"},"content":{"rendered":"\n\n\n<P>ISTAST GROUP uluslararas\u0131 bir ticaret firmas\u0131d\u0131r. Merkezi \u0130stanbul, T\u00fcrkiye\u2019de bulunan ISTAST, i\u015ftirakleri arac\u0131l\u0131\u011f\u0131yla onlarca sekt\u00f6rde hizmet vermektedir.\nYenilik\u00e7i, d\u00fcnya ile her dakika entegre, her k\u0131tadan i\u015ftirakleri bulunan, 9\u2019dan fazla dili konu\u015fan, g\u00fcvenilir, h\u0131zl\u0131, sofistike, yarat\u0131c\u0131, teknolojik, b\u00fcy\u00fck bir aileyiz.\nBalkanlar\u2019da, Avrupa\u2019da, CIS \u00dclkelerinde, Afrika\u2019da, Amerika K\u0131tas\u0131 ve K\u00f6rfez \u00dclkelerinde varl\u0131\u011f\u0131m\u0131z\u0131 s\u00fcrd\u00fcr\u00fcyor, ticari\nhacmimizi geli\u015ftiriyoruz.<\/P>\n\n\n\n\n\n<p><strong><em>ISTAST Group<\/em><\/strong>, deneyimli ve profesyonel personel istihdam etme ve b\u00fcy\u00fck \u00f6l\u00e7ekli projelerini y\u00fcr\u00fctmek i\u00e7in malzeme, makine ve ekipman sa\u011flama becerisini kan\u0131tlam\u0131\u015ft\u0131r. \u015eirket, g\u00fc\u00e7l\u00fc finansal yap\u0131s\u0131 ile uluslararas\u0131 rekabetteki yerini alm\u0131\u015ft\u0131r. Sahip oldu\u011fu odak noktalar\u0131, \u00fcstlendi\u011fi projeleri taahh\u00fct edilen terminlerden \u00f6nce ve en y\u00fcksek kalitede teslim etme konusundaki yerle\u015fik g\u00fcc\u00fc ile \u015firketi farkl\u0131 k\u0131lmaktad\u0131r.\n<\/p>\n<p>Grup, \u00f6nde gelen uluslararas\u0131 \u015firketlerle birle\u015fmi\u015f ve bu sayede uluslararas\u0131 bir \u00e7ok sekt\u00f6rde y\u00fcksek d\u00fczeyde kabul g\u00f6rm\u00fc\u015ft\u00fcr.\n<\/p>\n\n\n\n\n\n\n\n<p>\nGrup \u015firketlerinin 2022 y\u0131l\u0131nda yurt i\u00e7inde ve yurt d\u0131\u015f\u0131nda \u00fcstlendi\u011fi ve ger\u00e7ekle\u015ftirdi\u011fi projelerin de\u011feri yakla\u015f\u0131k 4 milyar USD&#8217;dir. Bu bilan\u00e7o 12 firman\u0131n katk\u0131lar\u0131yla ortaya \u00e7\u0131kan hacimdir.\n<\/p>\n<p>Grup; ithalat, ihracat, \u00fcretim, tedarik, in\u015faat ve lojistik sekt\u00f6rlerinde profesyonelle\u015fmi\u015f bir firmad\u0131r.<\/p>\n\n\n\n\n<h2>DE\u011eERLER\u0130M\u0130Z<\/h2>\n\n\nProjelerimizde katma de\u011fer olu\u015fturarak en uygun \u00e7\u00f6z\u00fcm\u00fc ve en m\u00fckemmel verimi sa\u011flamak.\n\n\nM\u00fc\u015fterilerimizin s\u00fcrekli destek alabilece\u011fi g\u00fcven veren bir firma olmak.&nbsp;\n\n\nHer i\u015ften kazand\u0131\u011f\u0131 tecr\u00fcbe ile s\u00fcrekli kendini geli\u015ftirebilen inovasyon odakl\u0131 bir firma olmak.\n\n\n\n\n\n\n\n\n\n","protected":false},"excerpt":{"rendered":"","protected":false},"author":1,"featured_media":0,"parent":0,"menu_order":0,"comment_status":"closed","ping_status":"closed","template":"","meta":[],"_links":{"self":[{"href":"https:\/\/www.istastgroup.com\/index.php?rest_route=\/wp\/v2\/pages\/32"}],"collection":[{"href":"https:\/\/www.istastgroup.com\/index.php?rest_route=\/wp\/v2\/pages"}],"about":[{"href":"https:\/\/www.istastgroup.com\/index.php?rest_route=\/wp\/v2\/types\/page"}],"author":[{"embeddable":true,"href":"https:\/\/www.istastgroup.com\/index.php?rest_route=\/wp\/v2\/users\/1"}],"replies":[{"embeddable":true,"href":"https:\/\/www.istastgroup.com\/index.php?rest_route=%2Fwp%2Fv2%2Fcomments&post=32"}],"version-history":[{"count":36,"href":"https:\/\/www.istastgroup.com\/index.php?rest_route=\/wp\/v2\/pages\/32\/revisions"}],"predecessor-version":[{"id":230,"href":"https:\/\/www.istastgroup.com\/index.php?rest_route=\/wp\/v2\/pages\/32\/revisions\/230"}],"wp:attachment":[{"href":"https:\/\/www.istastgroup.com\/index.php?rest_route=%2Fwp%2Fv2%2Fmedia&parent=32"}],"curies":[{"name":"wp","href":"https:\/\/api.w.org\/{rel}","templated":true}]}}